{"id":137,"date":"2020-10-02T12:31:06","date_gmt":"2020-10-02T12:31:06","guid":{"rendered":"https:\/\/mhg.es\/?page_id=137"},"modified":"2025-04-22T14:18:53","modified_gmt":"2025-04-22T14:18:53","slug":"galeria-de-productos","status":"publish","type":"page","link":"https:\/\/mhg.es\/index.php\/galeria-de-productos\/","title":{"rendered":"GALER\u00cdA DE PRODUCTOS"},"content":{"rendered":"\t\t<div data-elementor-type=\"wp-page\" data-elementor-id=\"137\" class=\"elementor elementor-137\">\n\t\t\t\t\t\t<section class=\"elementor-section elementor-top-section elementor-element elementor-element-c10579b elementor-section-boxed elementor-section-height-default elementor-section-height-default wpr-particle-no wpr-jarallax-no wpr-parallax-no wpr-sticky-section-no\" data-id=\"c10579b\" data-element_type=\"section\" data-settings=\"{&quot;background_background&quot;:&quot;classic&quot;}\">\n\t\t\t\t\t\t<div class=\"elementor-container elementor-column-gap-default\">\n\t\t\t\t\t<div class=\"elementor-column elementor-col-20 elementor-top-column elementor-element elementor-element-fa32690\" data-id=\"fa32690\" data-element_type=\"column\">\n\t\t\t<div class=\"elementor-widget-wrap elementor-element-populated\">\n\t\t\t\t\t\t<div class=\"elementor-element elementor-element-93f8f14 elementor-widget__width-initial elementor-widget elementor-widget-html\" data-id=\"93f8f14\" data-element_type=\"widget\" data-widget_type=\"html.default\">\n\t\t\t\t<div class=\"elementor-widget-container\">\n\t\t\t\t\t<i class=\"fa fa-envelope hidden-xs\" style=\"color:#C82829D9;font-size:30px;display:inline-block;text-justify:left;\"><\/i>\n\n   \t\t\t\t<\/div>\n\t\t\t\t<\/div>\n\t\t\t\t<div class=\"elementor-element elementor-element-1e50960 elementor-widget__width-initial linkedin elementor-widget elementor-widget-text-editor\" data-id=\"1e50960\" data-element_type=\"widget\" data-widget_type=\"text-editor.default\">\n\t\t\t\t<div class=\"elementor-widget-container\">\n\t\t\t\t\t\t\t\t\t<strong>Email:<\/strong>\n<br>\n<a href=\"mailto:mhg@mhg.es\">mhg@mhg.es<\/a>\t\t\t\t\t\t\t\t<\/div>\n\t\t\t\t<\/div>\n\t\t\t\t\t<\/div>\n\t\t<\/div>\n\t\t\t\t<div class=\"elementor-column elementor-col-20 elementor-top-column elementor-element elementor-element-b27a9a5\" data-id=\"b27a9a5\" data-element_type=\"column\">\n\t\t\t<div class=\"elementor-widget-wrap elementor-element-populated\">\n\t\t\t\t\t\t<div class=\"elementor-element elementor-element-9186c1b elementor-widget__width-initial linkedin elementor-widget elementor-widget-html\" data-id=\"9186c1b\" data-element_type=\"widget\" data-widget_type=\"html.default\">\n\t\t\t\t<div class=\"elementor-widget-container\">\n\t\t\t\t\t<i class=\"fa fa-phone hidden-xs\" style=\"color:#C82829D9;font-size:30px;display:inline-block;text-justify:left;transform:rotate(90deg);\"><\/i>\n\n   \t\t\t\t<\/div>\n\t\t\t\t<\/div>\n\t\t\t\t<div class=\"elementor-element elementor-element-fa0a0a1 elementor-widget__width-initial elementor-widget elementor-widget-text-editor\" data-id=\"fa0a0a1\" data-element_type=\"widget\" data-widget_type=\"text-editor.default\">\n\t\t\t\t<div class=\"elementor-widget-container\">\n\t\t\t\t\t\t\t\t\t<strong>Contacto:<\/strong>\n<br>\n+34 946 504 130\t\t\t\t\t\t\t\t<\/div>\n\t\t\t\t<\/div>\n\t\t\t\t\t<\/div>\n\t\t<\/div>\n\t\t\t\t<div class=\"elementor-column elementor-col-20 elementor-top-column elementor-element elementor-element-9eaba89\" data-id=\"9eaba89\" data-element_type=\"column\">\n\t\t\t<div class=\"elementor-widget-wrap\">\n\t\t\t\t\t\t\t<\/div>\n\t\t<\/div>\n\t\t\t\t<div class=\"elementor-column elementor-col-20 elementor-top-column elementor-element elementor-element-9be7f87\" data-id=\"9be7f87\" data-element_type=\"column\">\n\t\t\t<div class=\"elementor-widget-wrap elementor-element-populated\">\n\t\t\t\t\t\t<div class=\"elementor-element elementor-element-ee0578b linkedin elementor-widget elementor-widget-html\" data-id=\"ee0578b\" data-element_type=\"widget\" data-widget_type=\"html.default\">\n\t\t\t\t<div class=\"elementor-widget-container\">\n\t\t\t\t\t<a href=\"https:\/\/www.linkedin.com\/company\/maquinaria-hidr%C3%A1ulica-en-general-s.l.\" style=\"font-size:30px;\">\n    <i class=\"fa fa-linkedin-square\" ><\/i>\n<\/a>\n   \t\t\t\t<\/div>\n\t\t\t\t<\/div>\n\t\t\t\t\t<\/div>\n\t\t<\/div>\n\t\t\t\t<div class=\"elementor-column elementor-col-20 elementor-top-column elementor-element elementor-element-9550cd6\" data-id=\"9550cd6\" data-element_type=\"column\">\n\t\t\t<div class=\"elementor-widget-wrap\">\n\t\t\t\t\t\t\t<\/div>\n\t\t<\/div>\n\t\t\t\t\t<\/div>\n\t\t<\/section>\n\t\t\t\t<section class=\"elementor-section elementor-top-section elementor-element elementor-element-4f157b1 elementor-section-boxed elementor-section-height-default elementor-section-height-default wpr-particle-no wpr-jarallax-no wpr-parallax-no wpr-sticky-section-no\" data-id=\"4f157b1\" data-element_type=\"section\">\n\t\t\t\t\t\t<div class=\"elementor-container elementor-column-gap-default\">\n\t\t\t\t\t<div class=\"elementor-column elementor-col-50 elementor-top-column elementor-element elementor-element-b130665\" data-id=\"b130665\" data-element_type=\"column\">\n\t\t\t<div class=\"elementor-widget-wrap elementor-element-populated\">\n\t\t\t\t\t\t<div class=\"elementor-element elementor-element-b19471d elementor-widget elementor-widget-image\" data-id=\"b19471d\" data-element_type=\"widget\" data-widget_type=\"image.default\">\n\t\t\t\t<div class=\"elementor-widget-container\">\n\t\t\t\t\t\t\t\t\t\t\t\t\t\t\t<img decoding=\"async\" width=\"129\" height=\"80\" src=\"https:\/\/mhg.es\/wp-content\/uploads\/2020\/10\/logo.png\" class=\"attachment-full size-full wp-image-41\" alt=\"\" \/>\t\t\t\t\t\t\t\t\t\t\t\t\t\t\t<\/div>\n\t\t\t\t<\/div>\n\t\t\t\t\t<\/div>\n\t\t<\/div>\n\t\t\t\t<div class=\"elementor-column elementor-col-50 elementor-top-column elementor-element elementor-element-3002dc3\" data-id=\"3002dc3\" data-element_type=\"column\">\n\t\t\t<div class=\"elementor-widget-wrap elementor-element-populated\">\n\t\t\t\t\t\t<div class=\"elementor-element elementor-element-73897b2 MENU elementor-widget elementor-widget-ekit-nav-menu\" data-id=\"73897b2\" data-element_type=\"widget\" data-widget_type=\"ekit-nav-menu.default\">\n\t\t\t\t<div class=\"elementor-widget-container\">\n\t\t\t\t\t\t\t<nav class=\"ekit-wid-con ekit_menu_responsive_tablet\" \n\t\t\tdata-hamburger-icon=\"\" \n\t\t\tdata-hamburger-icon-type=\"icon\" \n\t\t\tdata-responsive-breakpoint=\"1024\">\n\t\t\t            <button class=\"elementskit-menu-hamburger elementskit-menu-toggler\"  type=\"button\" aria-label=\"hamburger-icon\">\n                                    <span class=\"elementskit-menu-hamburger-icon\"><\/span><span class=\"elementskit-menu-hamburger-icon\"><\/span><span class=\"elementskit-menu-hamburger-icon\"><\/span>\n                            <\/button>\n            <div id=\"ekit-megamenu-principal\" class=\"elementskit-menu-container elementskit-menu-offcanvas-elements elementskit-navbar-nav-default ekit-nav-menu-one-page- ekit-nav-dropdown-hover\"><ul id=\"menu-principal\" class=\"elementskit-navbar-nav elementskit-menu-po-right submenu-click-on-icon\"><li id=\"menu-item-21\" class=\"menu-item menu-item-type-custom menu-item-object-custom menu-item-home menu-item-21 nav-item elementskit-mobile-builder-content\" data-vertical-menu=750px><a href=\"https:\/\/mhg.es\/\" class=\"ekit-menu-nav-link\">INICIO<\/a><\/li>\n<li id=\"menu-item-181\" class=\"menu-item menu-item-type-custom menu-item-object-custom menu-item-has-children menu-item-181 nav-item elementskit-dropdown-has relative_position elementskit-dropdown-menu-default_width elementskit-mobile-builder-content\" data-vertical-menu=750px><a class=\"ekit-menu-nav-link ekit-menu-dropdown-toggle\">PRODUCTOS<i aria-hidden=\"true\" class=\"icon icon-down-arrow1 elementskit-submenu-indicator\"><\/i><\/a>\n<ul class=\"elementskit-dropdown elementskit-submenu-panel\">\n\t<li id=\"menu-item-180\" class=\"menu-item menu-item-type-post_type menu-item-object-page menu-item-180 nav-item elementskit-mobile-builder-content\" data-vertical-menu=750px><a href=\"https:\/\/mhg.es\/index.php\/catalogos\/\" class=\" dropdown-item\">Cat\u00e1logos<\/a>\t<li id=\"menu-item-179\" class=\"menu-item menu-item-type-post_type menu-item-object-page menu-item-179 nav-item elementskit-mobile-builder-content\" data-vertical-menu=750px><a href=\"https:\/\/mhg.es\/index.php\/galeria-de-productos\/\" class=\" dropdown-item\">Galer\u00eda<\/a><\/ul>\n<\/li>\n<li id=\"menu-item-206\" class=\"menu-item menu-item-type-custom menu-item-object-custom menu-item-has-children menu-item-206 nav-item elementskit-dropdown-has relative_position elementskit-dropdown-menu-default_width elementskit-mobile-builder-content\" data-vertical-menu=750px><a class=\"ekit-menu-nav-link ekit-menu-dropdown-toggle\">SERVICIOS<i aria-hidden=\"true\" class=\"icon icon-down-arrow1 elementskit-submenu-indicator\"><\/i><\/a>\n<ul class=\"elementskit-dropdown elementskit-submenu-panel\">\n\t<li id=\"menu-item-207\" class=\"menu-item menu-item-type-post_type menu-item-object-page menu-item-207 nav-item elementskit-mobile-builder-content\" data-vertical-menu=750px><a href=\"https:\/\/mhg.es\/index.php\/mantenimiento\/\" class=\" dropdown-item\">Dise\u00f1o y fabricaci\u00f3n<\/a>\t<li id=\"menu-item-208\" class=\"menu-item menu-item-type-post_type menu-item-object-page menu-item-208 nav-item elementskit-mobile-builder-content\" data-vertical-menu=750px><a href=\"https:\/\/mhg.es\/index.php\/mantenimiento\/\" class=\" dropdown-item\">Mantenimiento preventivo<\/a>\t<li id=\"menu-item-209\" class=\"menu-item menu-item-type-post_type menu-item-object-page menu-item-209 nav-item elementskit-mobile-builder-content\" data-vertical-menu=750px><a href=\"https:\/\/mhg.es\/index.php\/mantenimiento\/\" class=\" dropdown-item\">Mantenimiento correctivo<\/a>\t<li id=\"menu-item-210\" class=\"menu-item menu-item-type-post_type menu-item-object-page menu-item-210 nav-item elementskit-mobile-builder-content\" data-vertical-menu=750px><a href=\"https:\/\/mhg.es\/index.php\/mantenimiento\/\" class=\" dropdown-item\">Retrofitting de prensas obsoletas<\/a>\t<li id=\"menu-item-211\" class=\"menu-item menu-item-type-post_type menu-item-object-page menu-item-211 nav-item elementskit-mobile-builder-content\" data-vertical-menu=750px><a href=\"https:\/\/mhg.es\/index.php\/mantenimiento\/\" class=\" dropdown-item\">Estabilizado de caldererer\u00eda<\/a><\/ul>\n<\/li>\n<li id=\"menu-item-178\" class=\"menu-item menu-item-type-post_type menu-item-object-page menu-item-178 nav-item elementskit-mobile-builder-content\" data-vertical-menu=750px><a href=\"https:\/\/mhg.es\/index.php\/contacto-2\/\" class=\"ekit-menu-nav-link\">CONTACTO<\/a><\/li>\n<li id=\"menu-item-177\" class=\"menu-item menu-item-type-post_type menu-item-object-page menu-item-177 nav-item elementskit-mobile-builder-content\" data-vertical-menu=750px><a href=\"https:\/\/mhg.es\/index.php\/quienes-somos\/\" class=\"ekit-menu-nav-link\">QUIENES SOMOS<\/a><\/li>\n<\/ul><div class=\"elementskit-nav-identity-panel\"><button class=\"elementskit-menu-close elementskit-menu-toggler\" type=\"button\">X<\/button><\/div><\/div>\t\t\t\n\t\t\t<div class=\"elementskit-menu-overlay elementskit-menu-offcanvas-elements elementskit-menu-toggler ekit-nav-menu--overlay\"><\/div>        <\/nav>\n\t\t\t\t\t\t<\/div>\n\t\t\t\t<\/div>\n\t\t\t\t\t<\/div>\n\t\t<\/div>\n\t\t\t\t\t<\/div>\n\t\t<\/section>\n\t\t\t\t<section class=\"elementor-section elementor-top-section elementor-element elementor-element-ede7d9e elementor-section-boxed elementor-section-height-default elementor-section-height-default wpr-particle-no wpr-jarallax-no wpr-parallax-no wpr-sticky-section-no\" data-id=\"ede7d9e\" data-element_type=\"section\" data-settings=\"{&quot;background_background&quot;:&quot;classic&quot;}\">\n\t\t\t\t\t\t\t<div class=\"elementor-background-overlay\"><\/div>\n\t\t\t\t\t\t\t<div class=\"elementor-container elementor-column-gap-default\">\n\t\t\t\t\t<div class=\"elementor-column elementor-col-50 elementor-top-column elementor-element elementor-element-2fadaa2\" data-id=\"2fadaa2\" data-element_type=\"column\">\n\t\t\t<div class=\"elementor-widget-wrap elementor-element-populated\">\n\t\t\t\t\t\t<div class=\"elementor-element elementor-element-cb0749b elementor-widget elementor-widget-text-editor\" data-id=\"cb0749b\" data-element_type=\"widget\" data-widget_type=\"text-editor.default\">\n\t\t\t\t<div class=\"elementor-widget-container\">\n\t\t\t\t\t\t\t\t\tGALER\u00cdA DE PRODUCTOS\t\t\t\t\t\t\t\t<\/div>\n\t\t\t\t<\/div>\n\t\t\t\t\t<\/div>\n\t\t<\/div>\n\t\t\t\t<div class=\"elementor-column elementor-col-50 elementor-top-column elementor-element elementor-element-2d89cda\" data-id=\"2d89cda\" data-element_type=\"column\">\n\t\t\t<div class=\"elementor-widget-wrap\">\n\t\t\t\t\t\t\t<\/div>\n\t\t<\/div>\n\t\t\t\t\t<\/div>\n\t\t<\/section>\n\t\t\t\t<section class=\"elementor-section elementor-top-section elementor-element elementor-element-0a3eafb elementor-section-boxed elementor-section-height-default elementor-section-height-default wpr-particle-no wpr-jarallax-no wpr-parallax-no wpr-sticky-section-no\" data-id=\"0a3eafb\" data-element_type=\"section\">\n\t\t\t\t\t\t<div class=\"elementor-container elementor-column-gap-default\">\n\t\t\t\t\t<div class=\"elementor-column elementor-col-100 elementor-top-column elementor-element elementor-element-f503030\" data-id=\"f503030\" data-element_type=\"column\">\n\t\t\t<div class=\"elementor-widget-wrap elementor-element-populated\">\n\t\t\t\t\t\t<div class=\"elementor-element elementor-element-e4b4030 animated-slow elementor-invisible elementor-widget elementor-widget-image\" data-id=\"e4b4030\" data-element_type=\"widget\" data-settings=\"{&quot;_animation&quot;:&quot;fadeIn&quot;}\" data-widget_type=\"image.default\">\n\t\t\t\t<div class=\"elementor-widget-container\">\n\t\t\t\t\t\t\t\t\t\t\t\t<figure class=\"wp-caption\">\n\t\t\t\t\t\t\t\t\t\t<img fetchpriority=\"high\" decoding=\"async\" width=\"300\" height=\"172\" src=\"https:\/\/mhg.es\/wp-content\/uploads\/2021\/01\/1-300x172.jpg\" class=\"attachment-medium size-medium wp-image-297\" alt=\"\" srcset=\"https:\/\/mhg.es\/wp-content\/uploads\/2021\/01\/1-300x172.jpg 300w, https:\/\/mhg.es\/wp-content\/uploads\/2021\/01\/1-1024x588.jpg 1024w, https:\/\/mhg.es\/wp-content\/uploads\/2021\/01\/1-768x441.jpg 768w, https:\/\/mhg.es\/wp-content\/uploads\/2021\/01\/1-1536x883.jpg 1536w, https:\/\/mhg.es\/wp-content\/uploads\/2021\/01\/1-1200x689.jpg 1200w, https:\/\/mhg.es\/wp-content\/uploads\/2021\/01\/1.jpg 1777w\" sizes=\"(max-width: 300px) 100vw, 300px\" \/>\t\t\t\t\t\t\t\t\t\t\t<figcaption class=\"widget-image-caption wp-caption-text\">Briquetadora 300Ton.<\/figcaption>\n\t\t\t\t\t\t\t\t\t\t<\/figure>\n\t\t\t\t\t\t\t\t\t<\/div>\n\t\t\t\t<\/div>\n\t\t\t\t<div class=\"elementor-element elementor-element-40aad0e elementor-widget elementor-widget-image\" data-id=\"40aad0e\" data-element_type=\"widget\" data-widget_type=\"image.default\">\n\t\t\t\t<div class=\"elementor-widget-container\">\n\t\t\t\t\t\t\t\t\t\t\t\t\t\t\t<img decoding=\"async\" src=\"https:\/\/mhg.es\/wp-content\/uploads\/2021\/01\/Ficha-BRIQUETADORAS-1.pdf\" title=\"\" alt=\"\" loading=\"lazy\" \/>\t\t\t\t\t\t\t\t\t\t\t\t\t\t\t<\/div>\n\t\t\t\t<\/div>\n\t\t\t\t\t<\/div>\n\t\t<\/div>\n\t\t\t\t\t<\/div>\n\t\t<\/section>\n\t\t\t\t<section class=\"elementor-section elementor-top-section elementor-element elementor-element-3ca3e44 elementor-section-boxed elementor-section-height-default elementor-section-height-default wpr-particle-no wpr-jarallax-no wpr-parallax-no wpr-sticky-section-no\" data-id=\"3ca3e44\" data-element_type=\"section\" data-settings=\"{&quot;background_background&quot;:&quot;classic&quot;}\">\n\t\t\t\t\t\t<div class=\"elementor-container elementor-column-gap-default\">\n\t\t\t\t\t<div class=\"elementor-column elementor-col-25 elementor-top-column elementor-element elementor-element-fc661a0\" data-id=\"fc661a0\" data-element_type=\"column\">\n\t\t\t<div class=\"elementor-widget-wrap elementor-element-populated\">\n\t\t\t\t\t\t<div class=\"elementor-element elementor-element-a1022ad elementor-widget elementor-widget-image\" data-id=\"a1022ad\" data-element_type=\"widget\" data-widget_type=\"image.default\">\n\t\t\t\t<div class=\"elementor-widget-container\">\n\t\t\t\t\t\t\t\t\t\t\t\t\t\t\t<img decoding=\"async\" width=\"81\" height=\"50\" src=\"https:\/\/mhg.es\/wp-content\/uploads\/2020\/10\/logo1-1.png\" class=\"attachment-full size-full wp-image-42\" alt=\"\" \/>\t\t\t\t\t\t\t\t\t\t\t\t\t\t\t<\/div>\n\t\t\t\t<\/div>\n\t\t\t\t\t<\/div>\n\t\t<\/div>\n\t\t\t\t<div class=\"elementor-column elementor-col-25 elementor-top-column elementor-element elementor-element-a245836\" data-id=\"a245836\" data-element_type=\"column\">\n\t\t\t<div class=\"elementor-widget-wrap elementor-element-populated\">\n\t\t\t\t\t\t<div class=\"elementor-element elementor-element-8e4e6ac elementor-widget elementor-widget-text-editor\" data-id=\"8e4e6ac\" data-element_type=\"widget\" data-widget_type=\"text-editor.default\">\n\t\t\t\t<div class=\"elementor-widget-container\">\n\t\t\t\t\t\t\t\t\tHorario\t\t\t\t\t\t\t\t<\/div>\n\t\t\t\t<\/div>\n\t\t\t\t\t<\/div>\n\t\t<\/div>\n\t\t\t\t<div class=\"elementor-column elementor-col-25 elementor-top-column elementor-element elementor-element-3559945\" data-id=\"3559945\" data-element_type=\"column\">\n\t\t\t<div class=\"elementor-widget-wrap elementor-element-populated\">\n\t\t\t\t\t\t<div class=\"elementor-element elementor-element-0877062 elementor-widget elementor-widget-text-editor\" data-id=\"0877062\" data-element_type=\"widget\" data-widget_type=\"text-editor.default\">\n\t\t\t\t<div class=\"elementor-widget-container\">\n\t\t\t\t\t\t\t\t\t<p>Enlaces<\/p>\t\t\t\t\t\t\t\t<\/div>\n\t\t\t\t<\/div>\n\t\t\t\t\t<\/div>\n\t\t<\/div>\n\t\t\t\t<div class=\"elementor-column elementor-col-25 elementor-top-column elementor-element elementor-element-b6cff9c\" data-id=\"b6cff9c\" data-element_type=\"column\">\n\t\t\t<div class=\"elementor-widget-wrap elementor-element-populated\">\n\t\t\t\t\t\t<div class=\"elementor-element elementor-element-bc4e998 elementor-widget elementor-widget-text-editor\" data-id=\"bc4e998\" data-element_type=\"widget\" data-widget_type=\"text-editor.default\">\n\t\t\t\t<div class=\"elementor-widget-container\">\n\t\t\t\t\t\t\t\t\t<p>Localizaci\u00f3n<\/p>\t\t\t\t\t\t\t\t<\/div>\n\t\t\t\t<\/div>\n\t\t\t\t\t<\/div>\n\t\t<\/div>\n\t\t\t\t\t<\/div>\n\t\t<\/section>\n\t\t\t\t<section class=\"elementor-section elementor-top-section elementor-element elementor-element-965ebc2 elementor-section-boxed elementor-section-height-default elementor-section-height-default wpr-particle-no wpr-jarallax-no wpr-parallax-no wpr-sticky-section-no\" data-id=\"965ebc2\" data-element_type=\"section\" data-settings=\"{&quot;background_background&quot;:&quot;classic&quot;}\">\n\t\t\t\t\t\t<div class=\"elementor-container elementor-column-gap-default\">\n\t\t\t\t\t<div class=\"elementor-column elementor-col-25 elementor-top-column elementor-element elementor-element-6b1dbf5\" data-id=\"6b1dbf5\" data-element_type=\"column\">\n\t\t\t<div class=\"elementor-widget-wrap elementor-element-populated\">\n\t\t\t\t\t\t<div class=\"elementor-element elementor-element-c2df0ff elementor-widget elementor-widget-text-editor\" data-id=\"c2df0ff\" data-element_type=\"widget\" data-widget_type=\"text-editor.default\">\n\t\t\t\t<div class=\"elementor-widget-container\">\n\t\t\t\t\t\t\t\t\t<p>Somos una empresa con m\u00e1s de 50 a\u00f1os de experiencia en el dise\u00f1o y fabricaci\u00f3n de prensas hidr\u00e1ulicas, m\u00e1s de 900 prensas fabricadas en todo el mundo.<br \/>Adaptamos nuestro a los procesos productivos del cliente.<\/p>\t\t\t\t\t\t\t\t<\/div>\n\t\t\t\t<\/div>\n\t\t\t\t\t<\/div>\n\t\t<\/div>\n\t\t\t\t<div class=\"elementor-column elementor-col-25 elementor-top-column elementor-element elementor-element-b0b0af3\" data-id=\"b0b0af3\" data-element_type=\"column\">\n\t\t\t<div class=\"elementor-widget-wrap elementor-element-populated\">\n\t\t\t\t\t\t<div class=\"elementor-element elementor-element-f202ea2 elementor-widget elementor-widget-text-editor\" data-id=\"f202ea2\" data-element_type=\"widget\" data-widget_type=\"text-editor.default\">\n\t\t\t\t<div class=\"elementor-widget-container\">\n\t\t\t\t\t\t\t\t\t<p>Lunes &#8211; Viernes De 07:00 &#8211; 15:00<\/p><p>S\u00e1bados y domingos &#8211; <span style=\"color: #c82829;\"><strong>Cerrado<\/strong><\/span><\/p><p>Agosto cerrado (salvo urgencias)<\/p>\t\t\t\t\t\t\t\t<\/div>\n\t\t\t\t<\/div>\n\t\t\t\t\t<\/div>\n\t\t<\/div>\n\t\t\t\t<div class=\"elementor-column elementor-col-25 elementor-top-column elementor-element elementor-element-863dfd9\" data-id=\"863dfd9\" data-element_type=\"column\">\n\t\t\t<div class=\"elementor-widget-wrap elementor-element-populated\">\n\t\t\t\t\t\t<div class=\"elementor-element elementor-element-2226ef3 elementor-widget elementor-widget-text-editor\" data-id=\"2226ef3\" data-element_type=\"widget\" data-widget_type=\"text-editor.default\">\n\t\t\t\t<div class=\"elementor-widget-container\">\n\t\t\t\t\t\t\t\t\t<p><a href=\"https:\/\/mhg.es\/index.php\/politica-de-privacidad\/\">Pol\u00edtica de privacidad<\/a><\/p><p><a href=\"https:\/\/mhg.es\/index.php\/aviso-legal\/\">Aviso legal<\/a><\/p>\t\t\t\t\t\t\t\t<\/div>\n\t\t\t\t<\/div>\n\t\t\t\t\t<\/div>\n\t\t<\/div>\n\t\t\t\t<div class=\"elementor-column elementor-col-25 elementor-top-column elementor-element elementor-element-aa7aeba\" data-id=\"aa7aeba\" data-element_type=\"column\">\n\t\t\t<div class=\"elementor-widget-wrap elementor-element-populated\">\n\t\t\t\t\t\t<div class=\"elementor-element elementor-element-64a9ac1 elementor-widget elementor-widget-text-editor\" data-id=\"64a9ac1\" data-element_type=\"widget\" data-widget_type=\"text-editor.default\">\n\t\t\t\t<div class=\"elementor-widget-container\">\n\t\t\t\t\t\t\t\t\t<p>Pol\u00edgono Industrial de la Sota<\/p>\n<p>Carretera de la Sota s\/n<\/p>\n<p>48190 Las Ribas, Vizcaya &#8211; Espa\u00f1a<\/p>\n<p><strong>Tel\u00e9fono:<\/strong> +34 946 50 41 30<\/p>\n<p><strong>Email:<\/strong> mhg@mhg.es<\/p>\t\t\t\t\t\t\t\t<\/div>\n\t\t\t\t<\/div>\n\t\t\t\t\t<\/div>\n\t\t<\/div>\n\t\t\t\t\t<\/div>\n\t\t<\/section>\n\t\t\t\t<\/div>\n\t\t","protected":false},"excerpt":{"rendered":"<p>Email: mhg@mhg.es Contacto: +34 946 504 130 INICIO PRODUCTOS Cat\u00e1logos Galer\u00eda SERVICIOS Dise\u00f1o y fabricaci\u00f3n Mantenimiento preventivo Mantenimiento correctivo Retrofitting de prensas obsoletas Estabilizado de caldererer\u00eda CONTACTO QUIENES SOMOS X GALER\u00cdA DE PRODUCTOS Briquetadora 300Ton. Horario Enlaces Localizaci\u00f3n Somos una empresa con m\u00e1s de 50 a\u00f1os de experiencia en el dise\u00f1o y fabricaci\u00f3n de prensas hidr\u00e1ulicas, m\u00e1s de 900 prensas fabricadas en todo el mundo.Adaptamos nuestro a los procesos productivos del cliente. Lunes &#8211; Viernes De 07:00 &#8211; 15:00 S\u00e1bados y domingos &#8211; Cerrado Agosto cerrado (salvo urgencias) Pol\u00edtica de privacidad Aviso legal Pol\u00edgono Industrial de la Sota Carretera de la Sota s\/n 48190 Las Ribas, Vizcaya &#8211; Espa\u00f1a Tel\u00e9fono: +34 946 50 41 30 Email: mhg@mhg.es<\/p>\n","protected":false},"author":1,"featured_media":0,"parent":0,"menu_order":0,"comment_status":"closed","ping_status":"closed","template":"elementor_canvas","meta":{"footnotes":""},"class_list":["post-137","page","type-page","status-publish","hentry"],"_links":{"self":[{"href":"https:\/\/mhg.es\/index.php\/wp-json\/wp\/v2\/pages\/137","targetHints":{"allow":["GET"]}}],"collection":[{"href":"https:\/\/mhg.es\/index.php\/wp-json\/wp\/v2\/pages"}],"about":[{"href":"https:\/\/mhg.es\/index.php\/wp-json\/wp\/v2\/types\/page"}],"author":[{"embeddable":true,"href":"https:\/\/mhg.es\/index.php\/wp-json\/wp\/v2\/users\/1"}],"replies":[{"embeddable":true,"href":"https:\/\/mhg.es\/index.php\/wp-json\/wp\/v2\/comments?post=137"}],"version-history":[{"count":11,"href":"https:\/\/mhg.es\/index.php\/wp-json\/wp\/v2\/pages\/137\/revisions"}],"predecessor-version":[{"id":346,"href":"https:\/\/mhg.es\/index.php\/wp-json\/wp\/v2\/pages\/137\/revisions\/346"}],"wp:attachment":[{"href":"https:\/\/mhg.es\/index.php\/wp-json\/wp\/v2\/media?parent=137"}],"curies":[{"name":"wp","href":"https:\/\/api.w.org\/{rel}","templated":true}]}}