{"id":130,"date":"2020-10-02T12:19:08","date_gmt":"2020-10-02T12:19:08","guid":{"rendered":"https:\/\/mhg.es\/?page_id=130"},"modified":"2025-04-22T14:18:16","modified_gmt":"2025-04-22T14:18:16","slug":"catalogos","status":"publish","type":"page","link":"https:\/\/mhg.es\/index.php\/catalogos\/","title":{"rendered":"CAT\u00c1LOGOS"},"content":{"rendered":"\t\t<div data-elementor-type=\"wp-page\" data-elementor-id=\"130\" class=\"elementor elementor-130\">\n\t\t\t\t\t\t<section class=\"elementor-section elementor-top-section elementor-element elementor-element-daa21f2 elementor-section-boxed elementor-section-height-default elementor-section-height-default wpr-particle-no wpr-jarallax-no wpr-parallax-no wpr-sticky-section-no\" data-id=\"daa21f2\" data-element_type=\"section\" data-settings=\"{&quot;background_background&quot;:&quot;classic&quot;}\">\n\t\t\t\t\t\t<div class=\"elementor-container elementor-column-gap-default\">\n\t\t\t\t\t<div class=\"elementor-column elementor-col-20 elementor-top-column elementor-element elementor-element-09dd1b4\" data-id=\"09dd1b4\" data-element_type=\"column\">\n\t\t\t<div class=\"elementor-widget-wrap elementor-element-populated\">\n\t\t\t\t\t\t<div class=\"elementor-element elementor-element-a1c8d19 elementor-widget__width-initial elementor-widget elementor-widget-html\" data-id=\"a1c8d19\" data-element_type=\"widget\" data-widget_type=\"html.default\">\n\t\t\t\t<div class=\"elementor-widget-container\">\n\t\t\t\t\t<i class=\"fa fa-envelope hidden-xs\" style=\"color:#C82829D9;font-size:30px;display:inline-block;text-justify:left;\"><\/i>\n\n   \t\t\t\t<\/div>\n\t\t\t\t<\/div>\n\t\t\t\t<div class=\"elementor-element elementor-element-39bfbf4 elementor-widget__width-initial linkedin elementor-widget elementor-widget-text-editor\" data-id=\"39bfbf4\" data-element_type=\"widget\" data-widget_type=\"text-editor.default\">\n\t\t\t\t<div class=\"elementor-widget-container\">\n\t\t\t\t\t\t\t\t\t<strong>Email:<\/strong>\n<br>\n<a href=\"mailto:mhg@mhg.es\">mhg@mhg.es<\/a>\t\t\t\t\t\t\t\t<\/div>\n\t\t\t\t<\/div>\n\t\t\t\t\t<\/div>\n\t\t<\/div>\n\t\t\t\t<div class=\"elementor-column elementor-col-20 elementor-top-column elementor-element elementor-element-5fd3873\" data-id=\"5fd3873\" data-element_type=\"column\">\n\t\t\t<div class=\"elementor-widget-wrap elementor-element-populated\">\n\t\t\t\t\t\t<div class=\"elementor-element elementor-element-c25369e elementor-widget__width-initial linkedin elementor-widget elementor-widget-html\" data-id=\"c25369e\" data-element_type=\"widget\" data-widget_type=\"html.default\">\n\t\t\t\t<div class=\"elementor-widget-container\">\n\t\t\t\t\t<i class=\"fa fa-phone hidden-xs\" style=\"color:#C82829D9;font-size:30px;display:inline-block;text-justify:left;transform:rotate(90deg);\"><\/i>\n\n   \t\t\t\t<\/div>\n\t\t\t\t<\/div>\n\t\t\t\t<div class=\"elementor-element elementor-element-40b734b elementor-widget__width-initial elementor-widget elementor-widget-text-editor\" data-id=\"40b734b\" data-element_type=\"widget\" data-widget_type=\"text-editor.default\">\n\t\t\t\t<div class=\"elementor-widget-container\">\n\t\t\t\t\t\t\t\t\t<strong>Contacto:<\/strong>\n<br>\n+34 946 504 130\t\t\t\t\t\t\t\t<\/div>\n\t\t\t\t<\/div>\n\t\t\t\t\t<\/div>\n\t\t<\/div>\n\t\t\t\t<div class=\"elementor-column elementor-col-20 elementor-top-column elementor-element elementor-element-8e35104\" data-id=\"8e35104\" data-element_type=\"column\">\n\t\t\t<div class=\"elementor-widget-wrap\">\n\t\t\t\t\t\t\t<\/div>\n\t\t<\/div>\n\t\t\t\t<div class=\"elementor-column elementor-col-20 elementor-top-column elementor-element elementor-element-f45a6a9\" data-id=\"f45a6a9\" data-element_type=\"column\">\n\t\t\t<div class=\"elementor-widget-wrap elementor-element-populated\">\n\t\t\t\t\t\t<div class=\"elementor-element elementor-element-9ab0dcf linkedin elementor-widget elementor-widget-html\" data-id=\"9ab0dcf\" data-element_type=\"widget\" data-widget_type=\"html.default\">\n\t\t\t\t<div class=\"elementor-widget-container\">\n\t\t\t\t\t<a href=\"https:\/\/www.linkedin.com\/company\/maquinaria-hidr%C3%A1ulica-en-general-s.l.\" style=\"font-size:30px;\">\n    <i class=\"fa fa-linkedin-square\" ><\/i>\n<\/a>\n   \t\t\t\t<\/div>\n\t\t\t\t<\/div>\n\t\t\t\t\t<\/div>\n\t\t<\/div>\n\t\t\t\t<div class=\"elementor-column elementor-col-20 elementor-top-column elementor-element elementor-element-78a71e8\" data-id=\"78a71e8\" data-element_type=\"column\">\n\t\t\t<div class=\"elementor-widget-wrap\">\n\t\t\t\t\t\t\t<\/div>\n\t\t<\/div>\n\t\t\t\t\t<\/div>\n\t\t<\/section>\n\t\t\t\t<section class=\"elementor-section elementor-top-section elementor-element elementor-element-5e7993a elementor-section-boxed elementor-section-height-default elementor-section-height-default wpr-particle-no wpr-jarallax-no wpr-parallax-no wpr-sticky-section-no\" data-id=\"5e7993a\" data-element_type=\"section\">\n\t\t\t\t\t\t<div class=\"elementor-container elementor-column-gap-default\">\n\t\t\t\t\t<div class=\"elementor-column elementor-col-50 elementor-top-column elementor-element elementor-element-949448d\" data-id=\"949448d\" data-element_type=\"column\">\n\t\t\t<div class=\"elementor-widget-wrap elementor-element-populated\">\n\t\t\t\t\t\t<div class=\"elementor-element elementor-element-8a439de elementor-widget elementor-widget-image\" data-id=\"8a439de\" data-element_type=\"widget\" data-widget_type=\"image.default\">\n\t\t\t\t<div class=\"elementor-widget-container\">\n\t\t\t\t\t\t\t\t\t\t\t\t\t\t\t<img decoding=\"async\" width=\"129\" height=\"80\" src=\"https:\/\/mhg.es\/wp-content\/uploads\/2020\/10\/logo.png\" class=\"attachment-full size-full wp-image-41\" alt=\"\" \/>\t\t\t\t\t\t\t\t\t\t\t\t\t\t\t<\/div>\n\t\t\t\t<\/div>\n\t\t\t\t\t<\/div>\n\t\t<\/div>\n\t\t\t\t<div class=\"elementor-column elementor-col-50 elementor-top-column elementor-element elementor-element-a15143f\" data-id=\"a15143f\" data-element_type=\"column\">\n\t\t\t<div class=\"elementor-widget-wrap elementor-element-populated\">\n\t\t\t\t\t\t<div class=\"elementor-element elementor-element-210f669 MENU elementor-widget elementor-widget-ekit-nav-menu\" data-id=\"210f669\" data-element_type=\"widget\" data-widget_type=\"ekit-nav-menu.default\">\n\t\t\t\t<div class=\"elementor-widget-container\">\n\t\t\t\t\t\t\t<nav class=\"ekit-wid-con ekit_menu_responsive_tablet\" \n\t\t\tdata-hamburger-icon=\"\" \n\t\t\tdata-hamburger-icon-type=\"icon\" \n\t\t\tdata-responsive-breakpoint=\"1024\">\n\t\t\t            <button class=\"elementskit-menu-hamburger elementskit-menu-toggler\"  type=\"button\" aria-label=\"hamburger-icon\">\n                                    <span class=\"elementskit-menu-hamburger-icon\"><\/span><span class=\"elementskit-menu-hamburger-icon\"><\/span><span class=\"elementskit-menu-hamburger-icon\"><\/span>\n                            <\/button>\n            <div id=\"ekit-megamenu-principal\" class=\"elementskit-menu-container elementskit-menu-offcanvas-elements elementskit-navbar-nav-default ekit-nav-menu-one-page- ekit-nav-dropdown-hover\"><ul id=\"menu-principal\" class=\"elementskit-navbar-nav elementskit-menu-po-right submenu-click-on-icon\"><li id=\"menu-item-21\" class=\"menu-item menu-item-type-custom menu-item-object-custom menu-item-home menu-item-21 nav-item elementskit-mobile-builder-content\" data-vertical-menu=750px><a href=\"https:\/\/mhg.es\/\" class=\"ekit-menu-nav-link\">INICIO<\/a><\/li>\n<li id=\"menu-item-181\" class=\"menu-item menu-item-type-custom menu-item-object-custom menu-item-has-children menu-item-181 nav-item elementskit-dropdown-has relative_position elementskit-dropdown-menu-default_width elementskit-mobile-builder-content\" data-vertical-menu=750px><a class=\"ekit-menu-nav-link ekit-menu-dropdown-toggle\">PRODUCTOS<i aria-hidden=\"true\" class=\"icon icon-down-arrow1 elementskit-submenu-indicator\"><\/i><\/a>\n<ul class=\"elementskit-dropdown elementskit-submenu-panel\">\n\t<li id=\"menu-item-180\" class=\"menu-item menu-item-type-post_type menu-item-object-page menu-item-180 nav-item elementskit-mobile-builder-content\" data-vertical-menu=750px><a href=\"https:\/\/mhg.es\/index.php\/catalogos\/\" class=\" dropdown-item\">Cat\u00e1logos<\/a>\t<li id=\"menu-item-179\" class=\"menu-item menu-item-type-post_type menu-item-object-page menu-item-179 nav-item elementskit-mobile-builder-content\" data-vertical-menu=750px><a href=\"https:\/\/mhg.es\/index.php\/galeria-de-productos\/\" class=\" dropdown-item\">Galer\u00eda<\/a><\/ul>\n<\/li>\n<li id=\"menu-item-206\" class=\"menu-item menu-item-type-custom menu-item-object-custom menu-item-has-children menu-item-206 nav-item elementskit-dropdown-has relative_position elementskit-dropdown-menu-default_width elementskit-mobile-builder-content\" data-vertical-menu=750px><a class=\"ekit-menu-nav-link ekit-menu-dropdown-toggle\">SERVICIOS<i aria-hidden=\"true\" class=\"icon icon-down-arrow1 elementskit-submenu-indicator\"><\/i><\/a>\n<ul class=\"elementskit-dropdown elementskit-submenu-panel\">\n\t<li id=\"menu-item-207\" class=\"menu-item menu-item-type-post_type menu-item-object-page menu-item-207 nav-item elementskit-mobile-builder-content\" data-vertical-menu=750px><a href=\"https:\/\/mhg.es\/index.php\/mantenimiento\/\" class=\" dropdown-item\">Dise\u00f1o y fabricaci\u00f3n<\/a>\t<li id=\"menu-item-208\" class=\"menu-item menu-item-type-post_type menu-item-object-page menu-item-208 nav-item elementskit-mobile-builder-content\" data-vertical-menu=750px><a href=\"https:\/\/mhg.es\/index.php\/mantenimiento\/\" class=\" dropdown-item\">Mantenimiento preventivo<\/a>\t<li id=\"menu-item-209\" class=\"menu-item menu-item-type-post_type menu-item-object-page menu-item-209 nav-item elementskit-mobile-builder-content\" data-vertical-menu=750px><a href=\"https:\/\/mhg.es\/index.php\/mantenimiento\/\" class=\" dropdown-item\">Mantenimiento correctivo<\/a>\t<li id=\"menu-item-210\" class=\"menu-item menu-item-type-post_type menu-item-object-page menu-item-210 nav-item elementskit-mobile-builder-content\" data-vertical-menu=750px><a href=\"https:\/\/mhg.es\/index.php\/mantenimiento\/\" class=\" dropdown-item\">Retrofitting de prensas obsoletas<\/a>\t<li id=\"menu-item-211\" class=\"menu-item menu-item-type-post_type menu-item-object-page menu-item-211 nav-item elementskit-mobile-builder-content\" data-vertical-menu=750px><a href=\"https:\/\/mhg.es\/index.php\/mantenimiento\/\" class=\" dropdown-item\">Estabilizado de caldererer\u00eda<\/a><\/ul>\n<\/li>\n<li id=\"menu-item-178\" class=\"menu-item menu-item-type-post_type menu-item-object-page menu-item-178 nav-item elementskit-mobile-builder-content\" data-vertical-menu=750px><a href=\"https:\/\/mhg.es\/index.php\/contacto-2\/\" class=\"ekit-menu-nav-link\">CONTACTO<\/a><\/li>\n<li id=\"menu-item-177\" class=\"menu-item menu-item-type-post_type menu-item-object-page menu-item-177 nav-item elementskit-mobile-builder-content\" data-vertical-menu=750px><a href=\"https:\/\/mhg.es\/index.php\/quienes-somos\/\" class=\"ekit-menu-nav-link\">QUIENES SOMOS<\/a><\/li>\n<\/ul><div class=\"elementskit-nav-identity-panel\"><button class=\"elementskit-menu-close elementskit-menu-toggler\" type=\"button\">X<\/button><\/div><\/div>\t\t\t\n\t\t\t<div class=\"elementskit-menu-overlay elementskit-menu-offcanvas-elements elementskit-menu-toggler ekit-nav-menu--overlay\"><\/div>        <\/nav>\n\t\t\t\t\t\t<\/div>\n\t\t\t\t<\/div>\n\t\t\t\t\t<\/div>\n\t\t<\/div>\n\t\t\t\t\t<\/div>\n\t\t<\/section>\n\t\t\t\t<section class=\"elementor-section elementor-top-section elementor-element elementor-element-ede7d9e elementor-section-boxed elementor-section-height-default elementor-section-height-default wpr-particle-no wpr-jarallax-no wpr-parallax-no wpr-sticky-section-no\" data-id=\"ede7d9e\" data-element_type=\"section\" data-settings=\"{&quot;background_background&quot;:&quot;classic&quot;}\">\n\t\t\t\t\t\t\t<div class=\"elementor-background-overlay\"><\/div>\n\t\t\t\t\t\t\t<div class=\"elementor-container elementor-column-gap-default\">\n\t\t\t\t\t<div class=\"elementor-column elementor-col-50 elementor-top-column elementor-element elementor-element-2fadaa2\" data-id=\"2fadaa2\" data-element_type=\"column\">\n\t\t\t<div class=\"elementor-widget-wrap elementor-element-populated\">\n\t\t\t\t\t\t<div class=\"elementor-element elementor-element-cb0749b elementor-widget elementor-widget-text-editor\" data-id=\"cb0749b\" data-element_type=\"widget\" data-widget_type=\"text-editor.default\">\n\t\t\t\t<div class=\"elementor-widget-container\">\n\t\t\t\t\t\t\t\t\tCAT\u00c1LOGOS \t\t\t\t\t\t\t\t<\/div>\n\t\t\t\t<\/div>\n\t\t\t\t\t<\/div>\n\t\t<\/div>\n\t\t\t\t<div class=\"elementor-column elementor-col-50 elementor-top-column elementor-element elementor-element-2d89cda\" data-id=\"2d89cda\" data-element_type=\"column\">\n\t\t\t<div class=\"elementor-widget-wrap\">\n\t\t\t\t\t\t\t<\/div>\n\t\t<\/div>\n\t\t\t\t\t<\/div>\n\t\t<\/section>\n\t\t\t\t<section class=\"elementor-section elementor-top-section elementor-element elementor-element-fa0e516 elementor-section-full_width elementor-section-height-default elementor-section-height-default wpr-particle-no wpr-jarallax-no wpr-parallax-no wpr-sticky-section-no\" data-id=\"fa0e516\" data-element_type=\"section\">\n\t\t\t\t\t\t<div class=\"elementor-container elementor-column-gap-default\">\n\t\t\t\t\t<div class=\"elementor-column elementor-col-100 elementor-top-column elementor-element elementor-element-7239047\" data-id=\"7239047\" data-element_type=\"column\">\n\t\t\t<div class=\"elementor-widget-wrap elementor-element-populated\">\n\t\t\t\t\t\t<div class=\"elementor-element elementor-element-a8ca2bc elementor-widget elementor-widget-shortcode\" data-id=\"a8ca2bc\" data-element_type=\"widget\" data-widget_type=\"shortcode.default\">\n\t\t\t\t<div class=\"elementor-widget-container\">\n\t\t\t\t\t\t\t<div class=\"elementor-shortcode\"><\/div>\n\t\t\t\t\t\t<\/div>\n\t\t\t\t<\/div>\n\t\t\t\t\t<\/div>\n\t\t<\/div>\n\t\t\t\t\t<\/div>\n\t\t<\/section>\n\t\t\t\t<section class=\"elementor-section elementor-top-section elementor-element elementor-element-c0e9932 elementor-section-boxed elementor-section-height-default elementor-section-height-default wpr-particle-no wpr-jarallax-no wpr-parallax-no wpr-sticky-section-no\" data-id=\"c0e9932\" data-element_type=\"section\" data-settings=\"{&quot;background_background&quot;:&quot;classic&quot;}\">\n\t\t\t\t\t\t<div class=\"elementor-container elementor-column-gap-default\">\n\t\t\t\t\t<div class=\"elementor-column elementor-col-25 elementor-top-column elementor-element elementor-element-9d4345f\" data-id=\"9d4345f\" data-element_type=\"column\">\n\t\t\t<div class=\"elementor-widget-wrap elementor-element-populated\">\n\t\t\t\t\t\t<div class=\"elementor-element elementor-element-10d94d0 elementor-widget elementor-widget-image\" data-id=\"10d94d0\" data-element_type=\"widget\" data-widget_type=\"image.default\">\n\t\t\t\t<div class=\"elementor-widget-container\">\n\t\t\t\t\t\t\t\t\t\t\t\t\t\t\t<img decoding=\"async\" width=\"81\" height=\"50\" src=\"https:\/\/mhg.es\/wp-content\/uploads\/2020\/10\/logo1-1.png\" class=\"attachment-full size-full wp-image-42\" alt=\"\" \/>\t\t\t\t\t\t\t\t\t\t\t\t\t\t\t<\/div>\n\t\t\t\t<\/div>\n\t\t\t\t\t<\/div>\n\t\t<\/div>\n\t\t\t\t<div class=\"elementor-column elementor-col-25 elementor-top-column elementor-element elementor-element-5899909\" data-id=\"5899909\" data-element_type=\"column\">\n\t\t\t<div class=\"elementor-widget-wrap elementor-element-populated\">\n\t\t\t\t\t\t<div class=\"elementor-element elementor-element-c68da1b elementor-widget elementor-widget-text-editor\" data-id=\"c68da1b\" data-element_type=\"widget\" data-widget_type=\"text-editor.default\">\n\t\t\t\t<div class=\"elementor-widget-container\">\n\t\t\t\t\t\t\t\t\tHorario\t\t\t\t\t\t\t\t<\/div>\n\t\t\t\t<\/div>\n\t\t\t\t\t<\/div>\n\t\t<\/div>\n\t\t\t\t<div class=\"elementor-column elementor-col-25 elementor-top-column elementor-element elementor-element-44af5f7\" data-id=\"44af5f7\" data-element_type=\"column\">\n\t\t\t<div class=\"elementor-widget-wrap elementor-element-populated\">\n\t\t\t\t\t\t<div class=\"elementor-element elementor-element-1e7f0b9 elementor-widget elementor-widget-text-editor\" data-id=\"1e7f0b9\" data-element_type=\"widget\" data-widget_type=\"text-editor.default\">\n\t\t\t\t<div class=\"elementor-widget-container\">\n\t\t\t\t\t\t\t\t\t<p>Enlaces<\/p>\t\t\t\t\t\t\t\t<\/div>\n\t\t\t\t<\/div>\n\t\t\t\t\t<\/div>\n\t\t<\/div>\n\t\t\t\t<div class=\"elementor-column elementor-col-25 elementor-top-column elementor-element elementor-element-16238c4\" data-id=\"16238c4\" data-element_type=\"column\">\n\t\t\t<div class=\"elementor-widget-wrap elementor-element-populated\">\n\t\t\t\t\t\t<div class=\"elementor-element elementor-element-56a912f elementor-widget elementor-widget-text-editor\" data-id=\"56a912f\" data-element_type=\"widget\" data-widget_type=\"text-editor.default\">\n\t\t\t\t<div class=\"elementor-widget-container\">\n\t\t\t\t\t\t\t\t\t<p>Localizaci\u00f3n<\/p>\t\t\t\t\t\t\t\t<\/div>\n\t\t\t\t<\/div>\n\t\t\t\t\t<\/div>\n\t\t<\/div>\n\t\t\t\t\t<\/div>\n\t\t<\/section>\n\t\t\t\t<section class=\"elementor-section elementor-top-section elementor-element elementor-element-5d4d1aa elementor-section-boxed elementor-section-height-default elementor-section-height-default wpr-particle-no wpr-jarallax-no wpr-parallax-no wpr-sticky-section-no\" data-id=\"5d4d1aa\" data-element_type=\"section\" data-settings=\"{&quot;background_background&quot;:&quot;classic&quot;}\">\n\t\t\t\t\t\t<div class=\"elementor-container elementor-column-gap-default\">\n\t\t\t\t\t<div class=\"elementor-column elementor-col-25 elementor-top-column elementor-element elementor-element-ae8f476\" data-id=\"ae8f476\" data-element_type=\"column\">\n\t\t\t<div class=\"elementor-widget-wrap elementor-element-populated\">\n\t\t\t\t\t\t<div class=\"elementor-element elementor-element-a483e89 elementor-widget elementor-widget-text-editor\" data-id=\"a483e89\" data-element_type=\"widget\" data-widget_type=\"text-editor.default\">\n\t\t\t\t<div class=\"elementor-widget-container\">\n\t\t\t\t\t\t\t\t\t<p>Somos una empresa con m\u00e1s de 50 a\u00f1os de experiencia en el dise\u00f1o y fabricaci\u00f3n de prensas hidr\u00e1ulicas, m\u00e1s de 900 prensas fabricadas en todo el mundo.<br \/>Adaptamos nuestro a los procesos productivos del cliente.<\/p>\t\t\t\t\t\t\t\t<\/div>\n\t\t\t\t<\/div>\n\t\t\t\t\t<\/div>\n\t\t<\/div>\n\t\t\t\t<div class=\"elementor-column elementor-col-25 elementor-top-column elementor-element elementor-element-c142cf4\" data-id=\"c142cf4\" data-element_type=\"column\">\n\t\t\t<div class=\"elementor-widget-wrap elementor-element-populated\">\n\t\t\t\t\t\t<div class=\"elementor-element elementor-element-4f3fe9c elementor-widget elementor-widget-text-editor\" data-id=\"4f3fe9c\" data-element_type=\"widget\" data-widget_type=\"text-editor.default\">\n\t\t\t\t<div class=\"elementor-widget-container\">\n\t\t\t\t\t\t\t\t\t<p>Lunes &#8211; Viernes De 07:00 &#8211; 15:00<\/p><p>S\u00e1bados y domingos &#8211; <span style=\"color: #c82829;\"><strong>Cerrado<\/strong><\/span><\/p><p>Agosto cerrado (salvo urgencias)<\/p>\t\t\t\t\t\t\t\t<\/div>\n\t\t\t\t<\/div>\n\t\t\t\t\t<\/div>\n\t\t<\/div>\n\t\t\t\t<div class=\"elementor-column elementor-col-25 elementor-top-column elementor-element elementor-element-443e056\" data-id=\"443e056\" data-element_type=\"column\">\n\t\t\t<div class=\"elementor-widget-wrap elementor-element-populated\">\n\t\t\t\t\t\t<div class=\"elementor-element elementor-element-16fbbaa elementor-widget elementor-widget-text-editor\" data-id=\"16fbbaa\" data-element_type=\"widget\" data-widget_type=\"text-editor.default\">\n\t\t\t\t<div class=\"elementor-widget-container\">\n\t\t\t\t\t\t\t\t\t<p><a href=\"https:\/\/mhg.es\/index.php\/politica-de-privacidad\/\">Pol\u00edtica de privacidad<\/a><\/p><p><a href=\"https:\/\/mhg.es\/index.php\/aviso-legal\/\">Aviso legal<\/a><\/p>\t\t\t\t\t\t\t\t<\/div>\n\t\t\t\t<\/div>\n\t\t\t\t\t<\/div>\n\t\t<\/div>\n\t\t\t\t<div class=\"elementor-column elementor-col-25 elementor-top-column elementor-element elementor-element-050ac18\" data-id=\"050ac18\" data-element_type=\"column\">\n\t\t\t<div class=\"elementor-widget-wrap elementor-element-populated\">\n\t\t\t\t\t\t<div class=\"elementor-element elementor-element-9307264 elementor-widget elementor-widget-text-editor\" data-id=\"9307264\" data-element_type=\"widget\" data-widget_type=\"text-editor.default\">\n\t\t\t\t<div class=\"elementor-widget-container\">\n\t\t\t\t\t\t\t\t\t<p>Pol\u00edgono Industrial de la Sota<\/p>\n<p>Carretera de la Sota s\/n<\/p>\n<p>48190 Las Ribas, Vizcaya &#8211; Espa\u00f1a<\/p>\n<p><strong>Tel\u00e9fono:<\/strong> +34 946 50 41 30<\/p>\n<p><strong>Email:<\/strong> mhg@mhg.es<\/p>\t\t\t\t\t\t\t\t<\/div>\n\t\t\t\t<\/div>\n\t\t\t\t\t<\/div>\n\t\t<\/div>\n\t\t\t\t\t<\/div>\n\t\t<\/section>\n\t\t\t\t<\/div>\n\t\t","protected":false},"excerpt":{"rendered":"<p>Email: mhg@mhg.es Contacto: +34 946 504 130 INICIO PRODUCTOS Cat\u00e1logos Galer\u00eda SERVICIOS Dise\u00f1o y fabricaci\u00f3n Mantenimiento preventivo Mantenimiento correctivo Retrofitting de prensas obsoletas Estabilizado de caldererer\u00eda CONTACTO QUIENES SOMOS X CAT\u00c1LOGOS Horario Enlaces Localizaci\u00f3n Somos una empresa con m\u00e1s de 50 a\u00f1os de experiencia en el dise\u00f1o y fabricaci\u00f3n de prensas hidr\u00e1ulicas, m\u00e1s de 900 prensas fabricadas en todo el mundo.Adaptamos nuestro a los procesos productivos del cliente. Lunes &#8211; Viernes De 07:00 &#8211; 15:00 S\u00e1bados y domingos &#8211; Cerrado Agosto cerrado (salvo urgencias) Pol\u00edtica de privacidad Aviso legal Pol\u00edgono Industrial de la Sota Carretera de la Sota s\/n 48190 Las Ribas, Vizcaya &#8211; Espa\u00f1a Tel\u00e9fono: +34 946 50 41 30 Email: mhg@mhg.es<\/p>\n","protected":false},"author":1,"featured_media":0,"parent":0,"menu_order":0,"comment_status":"closed","ping_status":"closed","template":"elementor_canvas","meta":{"footnotes":""},"class_list":["post-130","page","type-page","status-publish","hentry"],"_links":{"self":[{"href":"https:\/\/mhg.es\/index.php\/wp-json\/wp\/v2\/pages\/130","targetHints":{"allow":["GET"]}}],"collection":[{"href":"https:\/\/mhg.es\/index.php\/wp-json\/wp\/v2\/pages"}],"about":[{"href":"https:\/\/mhg.es\/index.php\/wp-json\/wp\/v2\/types\/page"}],"author":[{"embeddable":true,"href":"https:\/\/mhg.es\/index.php\/wp-json\/wp\/v2\/users\/1"}],"replies":[{"embeddable":true,"href":"https:\/\/mhg.es\/index.php\/wp-json\/wp\/v2\/comments?post=130"}],"version-history":[{"count":13,"href":"https:\/\/mhg.es\/index.php\/wp-json\/wp\/v2\/pages\/130\/revisions"}],"predecessor-version":[{"id":340,"href":"https:\/\/mhg.es\/index.php\/wp-json\/wp\/v2\/pages\/130\/revisions\/340"}],"wp:attachment":[{"href":"https:\/\/mhg.es\/index.php\/wp-json\/wp\/v2\/media?parent=130"}],"curies":[{"name":"wp","href":"https:\/\/api.w.org\/{rel}","templated":true}]}}